{"id":3,"date":"2023-03-10T01:27:18","date_gmt":"2023-03-10T01:27:18","guid":{"rendered":"http:\/\/seapcolombia.com\/?page_id=3"},"modified":"2023-09-15T00:21:22","modified_gmt":"2023-09-15T00:21:22","slug":"privacy-policy","status":"publish","type":"page","link":"https:\/\/seapcolombia.com\/index.php\/privacy-policy\/","title":{"rendered":"Quienes somos?"},"content":{"rendered":"<div data-colibri-id=\"3-c1\" class=\"style-333 style-local-3-c1 position-relative\">\n  <!---->\n  <div data-colibri-component=\"section\" data-colibri-id=\"3-c2\" id=\"initial-content\" class=\"h-section h-section-global-spacing d-flex align-items-lg-center align-items-md-center align-items-center style-334 style-local-3-c2 position-relative\">\n    <!---->\n    <!---->\n    <div class=\"h-section-grid-container h-section-boxed-container\">\n      <!---->\n      <div data-colibri-id=\"3-c3\" class=\"h-row-container gutters-row-lg-2 gutters-row-md-2 gutters-row-0 gutters-row-v-lg-2 gutters-row-v-md-2 gutters-row-v-2 style-335 style-local-3-c3 position-relative\">\n        <!---->\n        <div class=\"h-row justify-content-lg-center justify-content-md-center justify-content-center align-items-lg-stretch align-items-md-stretch align-items-stretch gutters-col-lg-2 gutters-col-md-2 gutters-col-0 gutters-col-v-lg-2 gutters-col-v-md-2 gutters-col-v-2\">\n          <!---->\n          <div class=\"h-column h-column-container d-flex h-col-lg-auto h-col-md-auto h-col-auto style-336-outer style-local-3-c4-outer\">\n            <div data-colibri-id=\"3-c4\" class=\"d-flex h-flex-basis h-column__inner h-ui-empty-state-container h-px-lg-2 h-px-md-2 h-px-2 v-inner-lg-2 v-inner-md-2 v-inner-2 style-336 style-local-3-c4 position-relative\">\n              <!---->\n              <!---->\n              <div class=\"w-100 h-y-container h-column__content h-column__v-align flex-basis-100\">\n                <!---->\n              <\/div>\n            <\/div>\n          <\/div>\n        <\/div>\n      <\/div>\n    <\/div>\n  <\/div>\n  <div data-colibri-component=\"section\" data-colibri-id=\"3-c5\" id=\"overlappable\" class=\"h-section h-section-global-spacing d-flex align-items-lg-center align-items-md-center align-items-center style-339 style-local-3-c5 position-relative\">\n    <!---->\n    <!---->\n    <div class=\"h-section-grid-container h-section-boxed-container\">\n      <!---->\n      <div data-colibri-id=\"3-c6\" class=\"h-row-container gutters-row-lg-2 gutters-row-md-0 gutters-row-2 gutters-row-v-lg-2 gutters-row-v-md-0 gutters-row-v-2 style-340 style-local-3-c6 position-relative\">\n        <!---->\n        <div class=\"h-row justify-content-lg-center justify-content-md-center justify-content-center align-items-lg-stretch align-items-md-stretch align-items-stretch gutters-col-lg-2 gutters-col-md-0 gutters-col-2 gutters-col-v-lg-2 gutters-col-v-md-0 gutters-col-v-2\">\n          <!---->\n          <div class=\"h-column h-column-container d-flex h-col-lg-4 h-col-md-4 h-col-12 style-341-outer style-local-3-c7-outer\">\n            <div data-colibri-id=\"3-c7\" class=\"d-flex h-flex-basis h-column__inner h-px-lg-2 h-px-md-3 h-px-2 v-inner-lg-0 v-inner-md-3 v-inner-2 style-341 style-local-3-c7 position-relative\">\n              <!---->\n              <!---->\n              <div class=\"w-100 h-y-container h-column__content h-column__v-align flex-basis-100 align-self-lg-start align-self-md-start align-self-start\">\n                <!---->\n                <div data-colibri-id=\"3-c8\" class=\"h-icon style-342 style-local-3-c8 position-relative h-element\">\n                  <!----><span class=\"h-svg-icon h-icon__icon style-342-icon style-local-3-c8-icon\"><!--Icon by Icons8 Line Awesome (https:\/\/icons8.com\/line-awesome)--><svg version=\"1.1\" xmlns=\"http:\/\/www.w3.org\/2000\/svg\" xmlns:xlink=\"http:\/\/www.w3.org\/1999\/xlink\" id=\"clone\" viewBox=\"0 0 512 545.5\"><path d=\"M80 112h272v64h-32v-32H112v208h32v32H80V112zm80 80h272v272H160V192zm32 32v208h208V224H192z\"><\/path><\/svg><\/span><\/div>\n                <div\n                  data-colibri-id=\"3-c9\" class=\"h-global-transition-all h-heading style-343 style-local-3-c9 position-relative h-element\">\n                  <!---->\n                  <div class=\"h-heading__outer style-343 style-local-3-c9\">\n                    <!---->\n                    <!---->\n                    <h4 class=\"\">MISI\u00d3N<\/h4>\n                  <\/div>\n              <\/div>\n              <div data-colibri-id=\"3-c10\" class=\"h-text h-text-component style-344 style-local-3-c10 position-relative h-element\">\n                <!---->\n                <!---->\n                <div class=\"\">\n                  <p><span style=\"font-weight: 400; color: rgb(0, 0, 0); font-family: Arial; font-size: 24pt;\">SEAP trabaja todos los d\u00edas para construir un mejor futuro que sea rentable y sostenible, con una operaci\u00f3n segura. Tambi\u00e9n aseguramos la excelencia operacional y la transparencia en cada una de sus acciones a trav\u00e9s de la construcci\u00f3n de relaciones de mutuo beneficio con los grupos de inter\u00e9s.<\/span><\/p>\n                  <p>\n                    <br>\n                  <\/p>\n                <\/div>\n              <\/div>\n            <\/div>\n          <\/div>\n        <\/div>\n        <div class=\"h-column h-column-container d-flex h-col-lg-4 h-col-md-4 h-col-12 style-341-outer style-local-3-c11-outer\">\n          <div data-colibri-id=\"3-c11\" class=\"d-flex h-flex-basis h-column__inner h-px-lg-2 h-px-md-3 h-px-2 v-inner-lg-0 v-inner-md-3 v-inner-2 style-341 style-local-3-c11 position-relative\">\n            <!---->\n            <!---->\n            <div class=\"w-100 h-y-container h-column__content h-column__v-align flex-basis-100 align-self-lg-start align-self-md-start align-self-start\">\n              <!---->\n              <div data-colibri-id=\"3-c12\" class=\"h-icon style-342 style-local-3-c12 position-relative h-element\">\n                <!----><span class=\"h-svg-icon h-icon__icon style-342-icon style-local-3-c12-icon\"><!--Icon by Icons8 Line Awesome (https:\/\/icons8.com\/line-awesome)--><svg version=\"1.1\" xmlns=\"http:\/\/www.w3.org\/2000\/svg\" xmlns:xlink=\"http:\/\/www.w3.org\/1999\/xlink\" id=\"gears\" viewBox=\"0 0 512 545.5\"><path d=\"M344 72h32v22.5c13.256 2.334 25.375 7.58 36 15l15-15 22.5 22.5-15 15c7.42 10.625 12.666 22.744 15 36H472v32h-22.5c-2.357 13.388-7.46 25.802-15 36.5L450 253l-23.5 22-15-16c-10.494 7.212-22.48 12.208-35.5 14.5V296h-32v-22.5c-13.256-2.334-25.375-7.58-36-15l-16.5 17-23-23 17-16.5c-7.42-10.625-12.666-22.744-15-36H248v-32h22.5c2.292-13.02 7.288-25.006 14.5-35.5l-16-15L291 94l16.5 15.5c10.698-7.54 23.112-12.643 36.5-15V72zm16 53c-32.885 0-59 26.115-59 59s26.115 59 59 59 59-26.115 59-59-26.115-59-59-59zm-207.5 94.5l11.5 29c8.477-2.118 17.388-3.5 26.5-3.5 9.13 0 18.015 1.362 26.5 3.5l11.5-29 29.5 12-11.5 29c15.108 9.133 27.874 21.944 37 37l29-11.5 12 29.5-29 11.5c2.118 8.458 3.5 17.388 3.5 26.5s-1.382 18.023-3.5 26.5l29 11.5-12 29.5-29-11.5c-9.107 15.23-21.88 28.264-37 37.5l11.5 28.5-29.5 12L217 459c-8.458 2.138-17.388 3.5-26.5 3.5-9.166 0-17.972-1.345-26.5-3.5l-11.5 28.5-29.5-12 11.5-28.5c-15.37-9.23-28.246-22.145-37.5-37.5L68.5 421l-12-29.5L85 380c-2.138-8.477-3.5-17.388-3.5-26.5s1.362-18.042 3.5-26.5l-28.5-11.5 12-29.5L97 297.5c9.236-15.12 22.27-27.893 37.5-37l-11.5-29zm38 57.5c-42.605 0-77 33.895-77 76.5s34.395 77 77 77 76.5-34.395 76.5-77-33.895-76.5-76.5-76.5z\"><\/path><\/svg><\/span><\/div>\n              <div\n                data-colibri-id=\"3-c13\" class=\"h-global-transition-all h-heading style-343 style-local-3-c13 position-relative h-element\">\n                <!---->\n                <div class=\"h-heading__outer style-343 style-local-3-c13\">\n                  <!---->\n                  <!---->\n                  <h4 class=\"\">VISI\u00d3N<\/h4>\n                <\/div>\n            <\/div>\n            <div data-colibri-id=\"3-c14\" class=\"h-text h-text-component style-344 style-local-3-c14 position-relative h-element\">\n              <!---->\n              <!---->\n              <div class=\"\">\n                <p><span style=\"font-weight: 400; color: rgb(0, 0, 0); font-family: Arial; font-size: 24pt;\">SEAP ser\u00e1 una compa\u00f1\u00eda integrada, orientada a la generaci\u00f3n de valor y sostenibilidad, con foco en Servicios de energ\u00eda el\u00e9ctrica, comprometida con su entorno y soportada en su talento humano y la excelencia operacional.<\/span><\/p>\n                <p>\n                  <br>\n                <\/p>\n              <\/div>\n            <\/div>\n          <\/div>\n        <\/div>\n      <\/div>\n      <div class=\"h-column h-column-container d-flex h-col-lg-4 h-col-md-4 h-col-12 style-341-outer style-local-3-c15-outer\">\n        <div data-colibri-id=\"3-c15\" class=\"d-flex h-flex-basis h-column__inner h-px-lg-2 h-px-md-3 h-px-2 v-inner-lg-0 v-inner-md-3 v-inner-2 style-341 style-local-3-c15 position-relative\">\n          <!---->\n          <!---->\n          <div class=\"w-100 h-y-container h-column__content h-column__v-align flex-basis-100 align-self-lg-start align-self-md-start align-self-start\">\n            <!---->\n            <div data-colibri-id=\"3-c16\" class=\"h-icon style-342 style-local-3-c16 position-relative h-element\">\n              <!----><span class=\"h-svg-icon h-icon__icon style-342-icon style-local-3-c16-icon\"><!--Icon by Icons8 Line Awesome (https:\/\/icons8.com\/line-awesome)--><svg version=\"1.1\" xmlns=\"http:\/\/www.w3.org\/2000\/svg\" xmlns:xlink=\"http:\/\/www.w3.org\/1999\/xlink\" id=\"magic\" viewBox=\"0 0 512 545.5\"><path d=\"M334 73l11.5 11.5 29 29h56v56l29 29L471 210l-12 11-28.5 27v57.5h-56l-29 27.5-11.5 11-11-11-24-24-187 186.5-11 11.5-11.5-11.5-41-41-11.5-11L48.5 432 235 245l-24-24-11-11 11-11.5 27.5-29v-56H296L323 85zm.5 46L314 140.5l-4.5 5h-39v37L266 187l-21.5 22.5L258 223l61-61.5 11.5-11 11 11 41 41L394 214l-11.5 11.5-61 61 13 13L357 278l4.5-4.5h37v-39l5-4.5 21.5-20.5-22-22-4.5-5v-37h-37l-5-4.5zm-4 76.5l-248 248L101 462l247.5-248zM304 368h32v16h16v32h-16v16h-32v-16h-16v-32h16v-16zm96 32h32v32h32v32h-32v32h-32v-32h-32v-32h32v-32z\"><\/path><\/svg><\/span><\/div>\n            <div\n              data-colibri-id=\"3-c17\" class=\"h-global-transition-all h-heading style-343 style-local-3-c17 position-relative h-element\">\n              <!---->\n              <div class=\"h-heading__outer style-343 style-local-3-c17\">\n                <!---->\n                <!---->\n                <h4 class=\"\">ACERCA DE SEAP<\/h4>\n              <\/div>\n          <\/div>\n          <div data-colibri-id=\"3-c18\" class=\"h-text h-text-component style-344 style-local-3-c18 position-relative h-element\">\n            <!---->\n            <!---->\n            <div class=\"\">\n              <p><span style=\"font-weight: 400; color: rgb(0, 0, 0); font-family: Arial; font-size: 24pt;\">SEAP COLOMBIA S.A.S. E.S.P es una Compa\u00f1\u00eda organizada bajo la forma de sociedad an\u00f3nima simplificada, del orden nacional. Es una sociedad de econom\u00eda privada, de car\u00e1cter comercial integrada del sector de servicios p\u00fablicos, que participa en todos los eslabones de la cadena de energ\u00eda el\u00e9ctrica: generaci\u00f3n, transporte, distribuci\u00f3n, alumbrado, servicios p\u00fablicos.<\/span><\/p>\n              <p>\n                <br>\n              <\/p>\n            <\/div>\n          <\/div>\n        <\/div>\n      <\/div>\n    <\/div>\n  <\/div>\n<\/div>\n<\/div>\n<\/div>\n<div data-colibri-component=\"section\" data-colibri-id=\"3-c19\" id=\"about\" class=\"h-section h-section-global-spacing d-flex align-items-lg-center align-items-md-center align-items-center style-346 style-local-3-c19 position-relative\">\n  <!---->\n  <!---->\n  <div class=\"h-section-grid-container h-section-boxed-container\">\n    <!---->\n    <div data-colibri-id=\"3-c20\" class=\"h-row-container gutters-row-lg-0 gutters-row-md-0 gutters-row-0 gutters-row-v-lg-0 gutters-row-v-md-0 gutters-row-v-0 style-347 style-local-3-c20 position-relative\">\n      <!---->\n      <div class=\"h-row justify-content-lg-center justify-content-md-center justify-content-center align-items-lg-stretch align-items-md-stretch align-items-stretch gutters-col-lg-0 gutters-col-md-0 gutters-col-0 gutters-col-v-lg-0 gutters-col-v-md-0 gutters-col-v-0\">\n        <!---->\n        <div class=\"h-column h-column-container d-flex h-col-lg-auto h-col-md-auto h-col-auto style-348-outer style-local-3-c21-outer\">\n          <div data-colibri-id=\"3-c21\" class=\"d-flex h-flex-basis h-column__inner h-px-lg-0 h-px-md-0 h-px-0 v-inner-lg-0 v-inner-md-0 v-inner-0 style-348 style-local-3-c21 position-relative\">\n            <!---->\n            <!---->\n            <div class=\"w-100 h-y-container h-column__content h-column__v-align flex-basis-100 align-self-lg-start align-self-md-start align-self-start\">\n              <!---->\n              <div data-colibri-id=\"3-c22\" class=\"h-global-transition-all h-heading style-349 style-local-3-c22 position-relative h-element\">\n                <!---->\n                <div class=\"h-heading__outer style-349 style-local-3-c22\">\n                  <!---->\n                  <!---->\n                  <h5 class=\"\">About us<\/h5>\n                <\/div>\n              <\/div>\n              <div data-colibri-id=\"3-c23\" class=\"h-global-transition-all h-heading style-350 style-local-3-c23 position-relative h-element\">\n                <!---->\n                <div class=\"h-heading__outer style-350 style-local-3-c23\">\n                  <!---->\n                  <!---->\n                  <h2 class=\"\">PROPOSITO SUPERIOR DE SEAP<\/h2>\n                <\/div>\n              <\/div>\n              <div data-colibri-id=\"3-c24\" class=\"h-text h-text-component style-351 style-local-3-c24 position-relative h-element\">\n                <!---->\n                <!---->\n                <div class=\"\">\n                  <p><span style=\"font-weight: 400; color: rgb(0, 0, 0); font-family: Arial; font-size: 24pt;\">La misi\u00f3n empresarial establece que SEAP trabaja todos los d\u00edas para construir un mejor futuro; con una operaci\u00f3n segura; asegurando la excelencia operacional y la transparencia en cada una de sus acciones, y construyendo relaciones de mutuo beneficio con los grupos de inter\u00e9s.<\/span><\/p>\n                  <p>\n                    <br>\n                  <\/p>\n                <\/div>\n              <\/div>\n            <\/div>\n          <\/div>\n        <\/div>\n        <div class=\"h-column h-column-container d-flex h-col-lg-auto h-col-md-auto h-col-auto style-352-outer style-local-3-c25-outer\">\n          <div data-colibri-id=\"3-c25\" class=\"d-flex h-flex-basis h-column__inner h-ui-empty-state-container h-px-lg-2 h-px-md-2 h-px-2 v-inner-lg-2 v-inner-md-2 v-inner-2 style-352 style-local-3-c25 position-relative\">\n            <!---->\n            <!---->\n            <div class=\"w-100 h-y-container h-column__content h-column__v-align flex-basis-100\">\n              <!---->\n            <\/div>\n          <\/div>\n        <\/div>\n      <\/div>\n    <\/div>\n  <\/div>\n<\/div>\n<\/div>","protected":false},"excerpt":{"rendered":"<p>MISI\u00d3N SEAP trabaja todos los d\u00edas para construir un mejor futuro que sea rentable y sostenible, con una operaci\u00f3n segura. Tambi\u00e9n aseguramos la excelencia operacional y la transparencia en cada una de sus acciones a trav\u00e9s de la construcci\u00f3n de relaciones de mutuo beneficio con los grupos de inter\u00e9s. VISI\u00d3N SEAP ser\u00e1 una compa\u00f1\u00eda integrada, [&hellip;]<\/p>\n","protected":false},"author":1,"featured_media":0,"parent":0,"menu_order":0,"comment_status":"closed","ping_status":"open","template":"page-templates\/full-width-page.php","meta":[],"_links":{"self":[{"href":"https:\/\/seapcolombia.com\/index.php\/wp-json\/wp\/v2\/pages\/3"}],"collection":[{"href":"https:\/\/seapcolombia.com\/index.php\/wp-json\/wp\/v2\/pages"}],"about":[{"href":"https:\/\/seapcolombia.com\/index.php\/wp-json\/wp\/v2\/types\/page"}],"author":[{"embeddable":true,"href":"https:\/\/seapcolombia.com\/index.php\/wp-json\/wp\/v2\/users\/1"}],"replies":[{"embeddable":true,"href":"https:\/\/seapcolombia.com\/index.php\/wp-json\/wp\/v2\/comments?post=3"}],"version-history":[{"count":6,"href":"https:\/\/seapcolombia.com\/index.php\/wp-json\/wp\/v2\/pages\/3\/revisions"}],"predecessor-version":[{"id":590,"href":"https:\/\/seapcolombia.com\/index.php\/wp-json\/wp\/v2\/pages\/3\/revisions\/590"}],"wp:attachment":[{"href":"https:\/\/seapcolombia.com\/index.php\/wp-json\/wp\/v2\/media?parent=3"}],"curies":[{"name":"wp","href":"https:\/\/api.w.org\/{rel}","templated":true}]}}