{"id":742,"date":"2024-05-10T16:04:25","date_gmt":"2024-05-10T16:04:25","guid":{"rendered":"https:\/\/seapcolombia.com\/?page_id=742"},"modified":"2024-05-10T16:36:48","modified_gmt":"2024-05-10T16:36:48","slug":"cco-ver-mas","status":"publish","type":"page","link":"https:\/\/seapcolombia.com\/index.php\/sample-page\/cco-ver-mas\/","title":{"rendered":"CCO REMOTO"},"content":{"rendered":"<div data-colibri-id=\"742-c1\" class=\"style-426 style-local-742-c1 position-relative\">\n  <!---->\n  <div data-colibri-component=\"section\" data-colibri-id=\"742-c2\" id=\"overlappable\" class=\"h-section h-section-global-spacing d-flex align-items-lg-center align-items-md-center align-items-center style-427 style-local-742-c2 position-relative\">\n    <!---->\n    <!---->\n    <div class=\"h-section-grid-container h-section-boxed-container\">\n      <!---->\n      <div data-colibri-id=\"742-c3\" class=\"h-row-container gutters-row-lg-0 gutters-row-md-0 gutters-row-2 gutters-row-v-lg-0 gutters-row-v-md-0 gutters-row-v-2 style-428 style-local-742-c3 position-relative\">\n        <!---->\n        <div class=\"h-row justify-content-lg-center justify-content-md-center justify-content-center align-items-lg-stretch align-items-md-stretch align-items-stretch gutters-col-lg-0 gutters-col-md-0 gutters-col-2 gutters-col-v-lg-0 gutters-col-v-md-0 gutters-col-v-2\">\n          <!---->\n          <div class=\"h-column h-column-container d-flex h-col-lg-3 h-col-md-3 h-col-12 style-429-outer style-local-742-c4-outer\">\n            <div data-colibri-id=\"742-c4\" class=\"d-flex h-flex-basis h-column__inner h-px-lg-3 h-px-md-3 h-px-2 v-inner-lg-3 v-inner-md-3 v-inner-2 style-429 style-local-742-c4 position-relative\">\n              <!---->\n              <!---->\n              <div class=\"w-100 h-y-container h-column__content h-column__v-align flex-basis-100 align-self-lg-center align-self-md-center align-self-center\">\n                <!---->\n                <div data-colibri-id=\"742-c5\" class=\"h-icon style-430 style-local-742-c5 position-relative h-element\">\n                  <!----><span class=\"h-svg-icon h-icon__icon style-430-icon style-local-742-c5-icon\"><!--Icon by Font Awesome (https:\/\/fontawesome.com)-->\n    <svg version=\"1.1\" xmlns=\"http:\/\/www.w3.org\/2000\/svg\" xmlns:xlink=\"http:\/\/www.w3.org\/1999\/xlink\" id=\"check\" viewBox=\"0 0 1792 1896.0833\">\n      <path d=\"M1671 566q0 40-28 68l-724 724-136 136q-28 28-68 28t-68-28l-136-136-362-362q-28-28-28-68t28-68l136-136q28-28 68-28t68 28l294 295 656-657q28-28 68-28t68 28l136 136q28 28 28 68z\"><\/path>\n    <\/svg><\/span><\/div>\n                <div data-colibri-id=\"742-c6\" class=\"h-global-transition-all h-heading style-431 style-local-742-c6 position-relative h-element\">\n                  <!---->\n                  <div class=\"h-heading__outer style-431 style-local-742-c6\">\n                    <!---->\n                    <!---->\n                    <h5 class=\"\">Optimizar el control&nbsp;<\/h5>\n                  <\/div>\n                <\/div>\n                <div data-colibri-id=\"742-c7\" class=\"h-text h-text-component style-432 style-local-742-c7 position-relative h-element\">\n                  <!---->\n                  <!---->\n                  <div class=\"\">\n                    <p>&nbsp;de todas las operaciones, desde la apertura de reclamos hasta la asistencia y control de materiales.<\/p>\n                  <\/div>\n                <\/div>\n              <\/div>\n            <\/div>\n          <\/div>\n          <div class=\"h-column h-column-container d-flex h-col-lg-3 h-col-md-3 h-col-12 style-429-outer style-local-742-c8-outer\">\n            <div data-colibri-id=\"742-c8\" class=\"d-flex h-flex-basis h-column__inner h-px-lg-3 h-px-md-3 h-px-2 v-inner-lg-3 v-inner-md-3 v-inner-2 style-429 style-local-742-c8 position-relative\">\n              <!---->\n              <!---->\n              <div class=\"w-100 h-y-container h-column__content h-column__v-align flex-basis-100 align-self-lg-center align-self-md-center align-self-center\">\n                <!---->\n                <div data-colibri-id=\"742-c9\" class=\"h-icon style-430 style-local-742-c9 position-relative h-element\">\n                  <!----><span class=\"h-svg-icon h-icon__icon style-430-icon style-local-742-c9-icon\"><!--Icon by Font Awesome (https:\/\/fontawesome.com)-->\n    <svg version=\"1.1\" xmlns=\"http:\/\/www.w3.org\/2000\/svg\" xmlns:xlink=\"http:\/\/www.w3.org\/1999\/xlink\" id=\"check\" viewBox=\"0 0 1792 1896.0833\">\n      <path d=\"M1671 566q0 40-28 68l-724 724-136 136q-28 28-68 28t-68-28l-136-136-362-362q-28-28-28-68t28-68l136-136q28-28 68-28t68 28l294 295 656-657q28-28 68-28t68 28l136 136q28 28 28 68z\"><\/path>\n    <\/svg><\/span><\/div>\n                <div data-colibri-id=\"742-c10\" class=\"h-global-transition-all h-heading style-431 style-local-742-c10 position-relative h-element\">\n                  <!---->\n                  <div class=\"h-heading__outer style-431 style-local-742-c10\">\n                    <!---->\n                    <!---->\n                    <h5 class=\"\">Mejorar la calidad del servicio<\/h5>\n                  <\/div>\n                <\/div>\n                <div data-colibri-id=\"742-c11\" class=\"h-text h-text-component style-432 style-local-742-c11 position-relative h-element\">\n                  <!---->\n                  <!---->\n                  <div class=\"\">\n                    <p>y la transparencia a trav\u00e9s de diversos canales de comunicaci\u00f3n con los ciudadanos.<\/p>\n                  <\/div>\n                <\/div>\n              <\/div>\n            <\/div>\n          <\/div>\n          <div class=\"h-column h-column-container d-flex h-col-lg-3 h-col-md-3 h-col-12 style-429-outer style-local-742-c12-outer\">\n            <div data-colibri-id=\"742-c12\" class=\"d-flex h-flex-basis h-column__inner h-px-lg-3 h-px-md-3 h-px-2 v-inner-lg-3 v-inner-md-3 v-inner-2 style-429 style-local-742-c12 position-relative\">\n              <!---->\n              <!---->\n              <div class=\"w-100 h-y-container h-column__content h-column__v-align flex-basis-100 align-self-lg-center align-self-md-center align-self-center\">\n                <!---->\n                <div data-colibri-id=\"742-c13\" class=\"h-icon style-430 style-local-742-c13 position-relative h-element\">\n                  <!----><span class=\"h-svg-icon h-icon__icon style-430-icon style-local-742-c13-icon\"><!--Icon by Font Awesome (https:\/\/fontawesome.com)-->\n    <svg version=\"1.1\" xmlns=\"http:\/\/www.w3.org\/2000\/svg\" xmlns:xlink=\"http:\/\/www.w3.org\/1999\/xlink\" id=\"check\" viewBox=\"0 0 1792 1896.0833\">\n      <path d=\"M1671 566q0 40-28 68l-724 724-136 136q-28 28-68 28t-68-28l-136-136-362-362q-28-28-28-68t28-68l136-136q28-28 68-28t68 28l294 295 656-657q28-28 68-28t68 28l136 136q28 28 28 68z\"><\/path>\n    <\/svg><\/span><\/div>\n                <div data-colibri-id=\"742-c14\" class=\"h-global-transition-all h-heading style-431 style-local-742-c14 position-relative h-element\">\n                  <!---->\n                  <div class=\"h-heading__outer style-431 style-local-742-c14\">\n                    <!---->\n                    <!---->\n                    <h5 class=\"\">Agilizar la gesti\u00f3n<\/h5>\n                  <\/div>\n                <\/div>\n                <div data-colibri-id=\"742-c15\" class=\"h-text h-text-component style-432 style-local-742-c15 position-relative h-element\">\n                  <!---->\n                  <!---->\n                  <div class=\"\">\n                    <p>de incidencias y \u00f3rdenes de trabajo para el mantenimiento del parque de servicio.<\/p>\n                  <\/div>\n                <\/div>\n              <\/div>\n            <\/div>\n          <\/div>\n          <div class=\"h-column h-column-container d-flex h-col-lg-3 h-col-md-3 h-col-12 style-433-outer style-local-742-c16-outer\">\n            <div data-colibri-id=\"742-c16\" class=\"d-flex h-flex-basis h-column__inner h-px-lg-3 h-px-md-3 h-px-2 v-inner-lg-3 v-inner-md-3 v-inner-2 style-433 style-local-742-c16 position-relative\">\n              <!---->\n              <!---->\n              <div class=\"w-100 h-y-container h-column__content h-column__v-align flex-basis-100 align-self-lg-center align-self-md-center align-self-center\">\n                <!---->\n                <div data-colibri-id=\"742-c17\" class=\"h-icon style-430 style-local-742-c17 position-relative h-element\">\n                  <!----><span class=\"h-svg-icon h-icon__icon style-430-icon style-local-742-c17-icon\"><!--Icon by Font Awesome (https:\/\/fontawesome.com)-->\n    <svg version=\"1.1\" xmlns=\"http:\/\/www.w3.org\/2000\/svg\" xmlns:xlink=\"http:\/\/www.w3.org\/1999\/xlink\" id=\"check\" viewBox=\"0 0 1792 1896.0833\">\n      <path d=\"M1671 566q0 40-28 68l-724 724-136 136q-28 28-68 28t-68-28l-136-136-362-362q-28-28-28-68t28-68l136-136q28-28 68-28t68 28l294 295 656-657q28-28 68-28t68 28l136 136q28 28 28 68z\"><\/path>\n    <\/svg><\/span><\/div>\n                <div data-colibri-id=\"742-c18\" class=\"h-global-transition-all h-heading style-431 style-local-742-c18 position-relative h-element\">\n                  <!---->\n                  <div class=\"h-heading__outer style-431 style-local-742-c18\">\n                    <!---->\n                    <!---->\n                    <h5 class=\"\">Ampliar las ganancias<\/h5>\n                  <\/div>\n                <\/div>\n                <div data-colibri-id=\"742-c19\" class=\"h-text h-text-component style-432 style-local-742-c19 position-relative h-element\">\n                  <!---->\n                  <!---->\n                  <div class=\"\">\n                    <p>mediante la mejora de la eficiencia y la reducci\u00f3n de costes operativos.<\/p>\n                  <\/div>\n                <\/div>\n              <\/div>\n            <\/div>\n          <\/div>\n        <\/div>\n      <\/div>\n    <\/div>\n  <\/div>\n<\/div>","protected":false},"excerpt":{"rendered":"<p>Optimizar el control&nbsp; &nbsp;de todas las operaciones, desde la apertura de reclamos hasta la asistencia y control de materiales. Mejorar la calidad del servicio y la transparencia a trav\u00e9s de diversos canales de comunicaci\u00f3n con los ciudadanos. Agilizar la gesti\u00f3n de incidencias y \u00f3rdenes de trabajo para el mantenimiento del parque de servicio. Ampliar las [&hellip;]<\/p>\n","protected":false},"author":1,"featured_media":0,"parent":2,"menu_order":0,"comment_status":"closed","ping_status":"closed","template":"page-templates\/full-width-page.php","meta":[],"_links":{"self":[{"href":"https:\/\/seapcolombia.com\/index.php\/wp-json\/wp\/v2\/pages\/742"}],"collection":[{"href":"https:\/\/seapcolombia.com\/index.php\/wp-json\/wp\/v2\/pages"}],"about":[{"href":"https:\/\/seapcolombia.com\/index.php\/wp-json\/wp\/v2\/types\/page"}],"author":[{"embeddable":true,"href":"https:\/\/seapcolombia.com\/index.php\/wp-json\/wp\/v2\/users\/1"}],"replies":[{"embeddable":true,"href":"https:\/\/seapcolombia.com\/index.php\/wp-json\/wp\/v2\/comments?post=742"}],"version-history":[{"count":6,"href":"https:\/\/seapcolombia.com\/index.php\/wp-json\/wp\/v2\/pages\/742\/revisions"}],"predecessor-version":[{"id":813,"href":"https:\/\/seapcolombia.com\/index.php\/wp-json\/wp\/v2\/pages\/742\/revisions\/813"}],"up":[{"embeddable":true,"href":"https:\/\/seapcolombia.com\/index.php\/wp-json\/wp\/v2\/pages\/2"}],"wp:attachment":[{"href":"https:\/\/seapcolombia.com\/index.php\/wp-json\/wp\/v2\/media?parent=742"}],"curies":[{"name":"wp","href":"https:\/\/api.w.org\/{rel}","templated":true}]}}