{"id":930,"date":"2026-03-12T16:10:44","date_gmt":"2026-03-12T16:10:44","guid":{"rendered":"https:\/\/seapcolombia.com\/?page_id=930"},"modified":"2026-03-12T17:29:41","modified_gmt":"2026-03-12T17:29:41","slug":"tecnico-operativa","status":"publish","type":"page","link":"https:\/\/seapcolombia.com\/index.php\/tecnico-operativa\/","title":{"rendered":"Tecnico operativa"},"content":{"rendered":"<!-- WPForms: no fields, form hidden -->\n\n\n<figure class=\"wp-block-image size-full\"><img decoding=\"async\" loading=\"lazy\" width=\"602\" height=\"357\" src=\"https:\/\/seapcolombia.com\/wp-content\/uploads\/2026\/03\/Captura-4.png\" alt=\"\" class=\"wp-image-932\" srcset=\"https:\/\/seapcolombia.com\/wp-content\/uploads\/2026\/03\/Captura-4.png 602w, https:\/\/seapcolombia.com\/wp-content\/uploads\/2026\/03\/Captura-4-300x178.png 300w\" sizes=\"(max-width: 602px) 100vw, 602px\" \/><\/figure>\n\n\n\n<p>Ingrese informaci\u00f3n de la actividad ejecutado en campo<\/p>\n\n\n\n<p>Modernizaci\u00f3n<\/p>\n\n\n\n<p>Mantenimiento<\/p>\n\n\n\n<p>Revisi\u00f3n<\/p>\n\n\n\n<figure class=\"wp-block-video\"><video controls src=\"https:\/\/seapcolombia.com\/wp-content\/uploads\/2026\/03\/Cancha-de-futbol-Oru-1.mov\"><\/video><\/figure>\n","protected":false},"excerpt":{"rendered":"<p>Ingrese informaci\u00f3n de la actividad ejecutado en campo Modernizaci\u00f3n Mantenimiento Revisi\u00f3n<\/p>\n","protected":false},"author":1,"featured_media":0,"parent":0,"menu_order":0,"comment_status":"closed","ping_status":"closed","template":"","meta":[],"_links":{"self":[{"href":"https:\/\/seapcolombia.com\/index.php\/wp-json\/wp\/v2\/pages\/930"}],"collection":[{"href":"https:\/\/seapcolombia.com\/index.php\/wp-json\/wp\/v2\/pages"}],"about":[{"href":"https:\/\/seapcolombia.com\/index.php\/wp-json\/wp\/v2\/types\/page"}],"author":[{"embeddable":true,"href":"https:\/\/seapcolombia.com\/index.php\/wp-json\/wp\/v2\/users\/1"}],"replies":[{"embeddable":true,"href":"https:\/\/seapcolombia.com\/index.php\/wp-json\/wp\/v2\/comments?post=930"}],"version-history":[{"count":5,"href":"https:\/\/seapcolombia.com\/index.php\/wp-json\/wp\/v2\/pages\/930\/revisions"}],"predecessor-version":[{"id":940,"href":"https:\/\/seapcolombia.com\/index.php\/wp-json\/wp\/v2\/pages\/930\/revisions\/940"}],"wp:attachment":[{"href":"https:\/\/seapcolombia.com\/index.php\/wp-json\/wp\/v2\/media?parent=930"}],"curies":[{"name":"wp","href":"https:\/\/api.w.org\/{rel}","templated":true}]}}